{"id":818,"date":"2020-03-16T17:08:45","date_gmt":"2020-03-16T17:08:45","guid":{"rendered":"http:\/\/www.evolvefitness.com.mx\/?page_id=818"},"modified":"2026-02-06T18:54:23","modified_gmt":"2026-02-06T18:54:23","slug":"membresia","status":"publish","type":"page","link":"https:\/\/www.evolvefitness.com.mx\/es\/membresia\/","title":{"rendered":"Membres\u00eda"},"content":{"rendered":"<div class='avia-video avia-video-16-9   av-lazyload-immediate  av-lazyload-video-embed  '   itemprop=\"video\" itemtype=\"https:\/\/schema.org\/VideoObject\"  data-original_url='https:\/\/youtu.be\/ku98NDapX5Y' ><script type='text\/html' class='av-video-tmpl'><span class=\"embed-youtube\" style=\"text-align:center; display: block;\"><iframe loading=\"lazy\" class=\"youtube-player\" width=\"1500\" height=\"844\" src=\"https:\/\/www.youtube.com\/embed\/ku98NDapX5Y?version=3&#038;rel=1&#038;showsearch=0&#038;showinfo=1&#038;iv_load_policy=1&#038;fs=1&#038;hl=es-ES&#038;autohide=2&#038;wmode=transparent\" allowfullscreen=\"true\" style=\"border:0;\" sandbox=\"allow-scripts allow-same-origin allow-popups allow-presentation allow-popups-to-escape-sandbox\"><\/iframe><\/span><\/script><div class='av-click-to-play-overlay'><div class=\"avia_playpause_icon\"><\/div><\/div><\/div>\n<div class=\"flex_column av_one_half  flex_column_div av-zero-column-padding first  avia-builder-el-1  el_after_av_video  el_before_av_one_half  \" style='border-radius:0px; '><section class=\"av_textblock_section \"  itemscope=\"itemscope\" itemtype=\"https:\/\/schema.org\/CreativeWork\" ><div class='avia_textblock  '   itemprop=\"text\" ><ul class=\"sc-jwQYvw HRJqi formList\">\n<li class=\"\">\n<div id=\"232\" class=\"sc-fbWUsZ dwyhkm appItem\">\n<div class=\"itemContent\" data-testid=\"itemContent\">\n<h3 class=\"title\">COSTO DE INSCRIPCION $200 mxn<\/h3>\n<\/div>\n<\/div>\n<\/li>\n<li class=\"\">\n<div id=\"238\" class=\"sc-fbWUsZ kRQxFy appItem\" style=\"box-sizing: border-box; -webkit-font-smoothing: antialiased; outline: 0px; transition: box-shadow 0.15s ease 0s; min-height: 76px; line-height: 1.3125em; text-decoration: none; margin: 4px; font-family: 'Open Sans';\">\n<div class=\"itemContent\" data-testid=\"itemContent\">\n<div class=\"sc-iLOkMM dHOwYr\">\n<h3>EL COSTO DE INSCRIPCI\u00d3N APLICA PARA TODOS LOS CLIENTES QUE NUNCA HAYAN ESTADO INSCRITOS EN EVOLVE O QUE SU ULTIMA MEMBRESIA SE HAYA VENCIDO HACE 24 MESES.<\/h3>\n<\/div>\n<\/div>\n<\/div>\n<\/li>\n<\/ul>\n<\/div><\/section><br \/>\n<section class=\"av_textblock_section \"  itemscope=\"itemscope\" itemtype=\"https:\/\/schema.org\/CreativeWork\" ><div class='avia_textblock  '   itemprop=\"text\" ><p><span style=\"color: #000000;\"><strong>Costos de\u00a0 Membres\u00eda (Pesos MXN)<\/strong><\/span><\/p>\n<p>Aqui los costos para la Membres\u00eda Sucursal 5ta Av.<\/p>\n<p><span style=\"color: #000000; font-size: 12pt;\">Mensual&#8230;&#8230;&#8230;&#8230;&#8230;&#8230;&#8230;&#8230;. $1500 mxn<\/span><\/p>\n<p><span style=\"color: #000000; font-size: 12pt;\">1 Day Pass&#8230;&#8230;&#8230;&#8230;&#8230;&#8230;..$300 \u00a0mxn\u00a0<\/span><\/p>\n<p><span style=\"color: #000000; font-size: 12pt;\">Pase de 10 visitas&#8230;&#8230;&#8230;.\u00a0 $1700 mxn<\/span><\/p>\n<p><span style=\"color: #000000; font-size: 12pt;\">(Puede ser compartido, sin expiraci\u00f3n)<\/span><\/p>\n<p>Precios s\u00faper bajos en nuestras otras ubicaciones &#8230;<\/p>\n<p>Compre nuestra tarjeta de visita 10 para una incre\u00edble flexibilidad y valor. Nunca caduca, puede compartirse entre 2 o m\u00e1s personas y utilizarse en cualquier ubicaci\u00f3n. Esto es genial si est\u00e1 compartiendo tiempo entre Playa y Tulum y no quiere perderse un entrenamiento.<\/p>\n<\/div><\/section><\/p><\/div><div class=\"flex_column av_one_half  flex_column_div av-zero-column-padding   avia-builder-el-4  el_after_av_one_half  avia-builder-el-last  \" style='border-radius:0px; '><section class=\"av_textblock_section \"  itemscope=\"itemscope\" itemtype=\"https:\/\/schema.org\/CreativeWork\" ><div class='avia_textblock  '   itemprop=\"text\" ><h2>Page aun menos<\/h2>\n<h3>pagando con Paypal<\/h3>\n<h3>Evolve 5th Ave. Playa del Carmen<\/h3>\n<h3>10 Visitas por solo $80. USD.<\/h3>\n<\/div><\/section><br \/>\n<div  class='hr hr-default   avia-builder-el-6  el_after_av_textblock  el_before_av_button '><span class='hr-inner ' ><span class='hr-inner-style'><\/span><\/span><\/div><br \/>\n<div class='avia-button-wrap avia-button-left  avia-builder-el-7  el_after_av_hr  el_before_av_hr  '><a href='https:\/\/www.evolvefitness.com.mx\/es\/paypal\/'  class='avia-button   avia-icon_select-no avia-color-theme-color avia-size-x-large avia-position-left '   ><span class='avia_iconbox_title' >Compra Ahora<\/span><\/a><\/div><br \/>\n<div  class='hr hr-default   avia-builder-el-8  el_after_av_button  el_before_av_textblock '><span class='hr-inner ' ><span class='hr-inner-style'><\/span><\/span><\/div><br \/>\n<section class=\"av_textblock_section \"  itemscope=\"itemscope\" itemtype=\"https:\/\/schema.org\/CreativeWork\" ><div class='avia_textblock  '   itemprop=\"text\" ><p><img loading=\"lazy\" decoding=\"async\" src=\"https:\/\/www.paypalobjects.com\/en_US\/i\/scr\/pixel.gif\" alt=\"\" width=\"1\" height=\"1\" border=\"0\" \/><strong>Detalles:<\/strong> compre nuestro pase de 10 visitas. Recoger\u00e1 su pase de 10 visitas en el mostrador de recepci\u00f3n de la 5ta Avenida. o ubicaci\u00f3n de Tulum. El entrenamiento personal se puede programar a trav\u00e9s de nuestro formulario de contacto o cuando llegue a Playa.<\/p>\n<p><strong>Beneficios:<\/strong> el pase de 10 visitas nunca caduca y puede ser utilizado por m\u00e1s de una persona.\u00a0 el mejor precio garantizado en Playa.<\/p>\n<p>Para reservar esta promoci\u00f3n, debe comprar en l\u00ednea con PayPal. Para m\u00e1s informaci\u00f3n <a href=\"http:\/\/www.evolvefitness.com.mx\/contacto\/?lang=es\">Contactanos Ya!<\/a><\/p>\n<\/div><\/section><\/p><\/div><\/p>\n","protected":false},"excerpt":{"rendered":"","protected":false},"author":4,"featured_media":0,"parent":0,"menu_order":0,"comment_status":"closed","ping_status":"closed","template":"","meta":{"jetpack_post_was_ever_published":false,"footnotes":""},"class_list":["post-818","page","type-page","status-publish","hentry"],"yoast_head":"<!-- This site is optimized with the Yoast SEO plugin v27.4 - https:\/\/yoast.com\/product\/yoast-seo-wordpress\/ -->\n<title>Membres\u00eda - Evolve Fitness<\/title>\n<meta name=\"robots\" content=\"index, follow, max-snippet:-1, max-image-preview:large, max-video-preview:-1\" \/>\n<link rel=\"canonical\" href=\"https:\/\/www.evolvefitness.com.mx\/es\/membresia\/\" \/>\n<meta property=\"og:locale\" content=\"es_ES\" \/>\n<meta property=\"og:type\" content=\"article\" \/>\n<meta property=\"og:title\" content=\"Membres\u00eda - Evolve Fitness\" \/>\n<meta property=\"og:url\" content=\"https:\/\/www.evolvefitness.com.mx\/es\/membresia\/\" \/>\n<meta property=\"og:site_name\" content=\"Evolve Fitness\" \/>\n<meta property=\"article:modified_time\" content=\"2026-02-06T18:54:23+00:00\" \/>\n<meta property=\"og:image\" content=\"https:\/\/www.paypalobjects.com\/en_US\/i\/scr\/pixel.gif\" \/>\n<meta name=\"twitter:card\" content=\"summary_large_image\" \/>\n<meta name=\"twitter:label1\" content=\"Tiempo de lectura\" \/>\n\t<meta name=\"twitter:data1\" content=\"2 minutos\" \/>\n<script type=\"application\/ld+json\" class=\"yoast-schema-graph\">{\"@context\":\"https:\\\/\\\/schema.org\",\"@graph\":[{\"@type\":\"WebPage\",\"@id\":\"https:\\\/\\\/www.evolvefitness.com.mx\\\/es\\\/membresia\\\/\",\"url\":\"https:\\\/\\\/www.evolvefitness.com.mx\\\/es\\\/membresia\\\/\",\"name\":\"Membres\u00eda - Evolve Fitness\",\"isPartOf\":{\"@id\":\"https:\\\/\\\/www.evolvefitness.com.mx\\\/es\\\/#website\"},\"primaryImageOfPage\":{\"@id\":\"https:\\\/\\\/www.evolvefitness.com.mx\\\/es\\\/membresia\\\/#primaryimage\"},\"image\":{\"@id\":\"https:\\\/\\\/www.evolvefitness.com.mx\\\/es\\\/membresia\\\/#primaryimage\"},\"thumbnailUrl\":\"https:\\\/\\\/www.paypalobjects.com\\\/en_US\\\/i\\\/scr\\\/pixel.gif\",\"datePublished\":\"2020-03-16T17:08:45+00:00\",\"dateModified\":\"2026-02-06T18:54:23+00:00\",\"breadcrumb\":{\"@id\":\"https:\\\/\\\/www.evolvefitness.com.mx\\\/es\\\/membresia\\\/#breadcrumb\"},\"inLanguage\":\"es\",\"potentialAction\":[{\"@type\":\"ReadAction\",\"target\":[\"https:\\\/\\\/www.evolvefitness.com.mx\\\/es\\\/membresia\\\/\"]}]},{\"@type\":\"ImageObject\",\"inLanguage\":\"es\",\"@id\":\"https:\\\/\\\/www.evolvefitness.com.mx\\\/es\\\/membresia\\\/#primaryimage\",\"url\":\"https:\\\/\\\/www.paypalobjects.com\\\/en_US\\\/i\\\/scr\\\/pixel.gif\",\"contentUrl\":\"https:\\\/\\\/www.paypalobjects.com\\\/en_US\\\/i\\\/scr\\\/pixel.gif\"},{\"@type\":\"BreadcrumbList\",\"@id\":\"https:\\\/\\\/www.evolvefitness.com.mx\\\/es\\\/membresia\\\/#breadcrumb\",\"itemListElement\":[{\"@type\":\"ListItem\",\"position\":1,\"name\":\"Home\",\"item\":\"https:\\\/\\\/www.evolvefitness.com.mx\\\/es\\\/evolve-fitness-mexico\\\/\"},{\"@type\":\"ListItem\",\"position\":2,\"name\":\"Membres\u00eda\"}]},{\"@type\":\"WebSite\",\"@id\":\"https:\\\/\\\/www.evolvefitness.com.mx\\\/es\\\/#website\",\"url\":\"https:\\\/\\\/www.evolvefitness.com.mx\\\/es\\\/\",\"name\":\"Evolve Fitness\",\"description\":\"The Gym For Playa Del Carmen and Tulum\",\"potentialAction\":[{\"@type\":\"SearchAction\",\"target\":{\"@type\":\"EntryPoint\",\"urlTemplate\":\"https:\\\/\\\/www.evolvefitness.com.mx\\\/es\\\/?s={search_term_string}\"},\"query-input\":{\"@type\":\"PropertyValueSpecification\",\"valueRequired\":true,\"valueName\":\"search_term_string\"}}],\"inLanguage\":\"es\"}]}<\/script>\n<!-- \/ Yoast SEO plugin. -->","yoast_head_json":{"title":"Membres\u00eda - Evolve Fitness","robots":{"index":"index","follow":"follow","max-snippet":"max-snippet:-1","max-image-preview":"max-image-preview:large","max-video-preview":"max-video-preview:-1"},"canonical":"https:\/\/www.evolvefitness.com.mx\/es\/membresia\/","og_locale":"es_ES","og_type":"article","og_title":"Membres\u00eda - Evolve Fitness","og_url":"https:\/\/www.evolvefitness.com.mx\/es\/membresia\/","og_site_name":"Evolve Fitness","article_modified_time":"2026-02-06T18:54:23+00:00","og_image":[{"url":"https:\/\/www.paypalobjects.com\/en_US\/i\/scr\/pixel.gif","type":"","width":"","height":""}],"twitter_card":"summary_large_image","twitter_misc":{"Tiempo de lectura":"2 minutos"},"schema":{"@context":"https:\/\/schema.org","@graph":[{"@type":"WebPage","@id":"https:\/\/www.evolvefitness.com.mx\/es\/membresia\/","url":"https:\/\/www.evolvefitness.com.mx\/es\/membresia\/","name":"Membres\u00eda - Evolve Fitness","isPartOf":{"@id":"https:\/\/www.evolvefitness.com.mx\/es\/#website"},"primaryImageOfPage":{"@id":"https:\/\/www.evolvefitness.com.mx\/es\/membresia\/#primaryimage"},"image":{"@id":"https:\/\/www.evolvefitness.com.mx\/es\/membresia\/#primaryimage"},"thumbnailUrl":"https:\/\/www.paypalobjects.com\/en_US\/i\/scr\/pixel.gif","datePublished":"2020-03-16T17:08:45+00:00","dateModified":"2026-02-06T18:54:23+00:00","breadcrumb":{"@id":"https:\/\/www.evolvefitness.com.mx\/es\/membresia\/#breadcrumb"},"inLanguage":"es","potentialAction":[{"@type":"ReadAction","target":["https:\/\/www.evolvefitness.com.mx\/es\/membresia\/"]}]},{"@type":"ImageObject","inLanguage":"es","@id":"https:\/\/www.evolvefitness.com.mx\/es\/membresia\/#primaryimage","url":"https:\/\/www.paypalobjects.com\/en_US\/i\/scr\/pixel.gif","contentUrl":"https:\/\/www.paypalobjects.com\/en_US\/i\/scr\/pixel.gif"},{"@type":"BreadcrumbList","@id":"https:\/\/www.evolvefitness.com.mx\/es\/membresia\/#breadcrumb","itemListElement":[{"@type":"ListItem","position":1,"name":"Home","item":"https:\/\/www.evolvefitness.com.mx\/es\/evolve-fitness-mexico\/"},{"@type":"ListItem","position":2,"name":"Membres\u00eda"}]},{"@type":"WebSite","@id":"https:\/\/www.evolvefitness.com.mx\/es\/#website","url":"https:\/\/www.evolvefitness.com.mx\/es\/","name":"Evolve Fitness","description":"The Gym For Playa Del Carmen and Tulum","potentialAction":[{"@type":"SearchAction","target":{"@type":"EntryPoint","urlTemplate":"https:\/\/www.evolvefitness.com.mx\/es\/?s={search_term_string}"},"query-input":{"@type":"PropertyValueSpecification","valueRequired":true,"valueName":"search_term_string"}}],"inLanguage":"es"}]}},"jetpack_sharing_enabled":true,"jetpack_shortlink":"https:\/\/wp.me\/P8BewO-dc","_links":{"self":[{"href":"https:\/\/www.evolvefitness.com.mx\/es\/wp-json\/wp\/v2\/pages\/818","targetHints":{"allow":["GET"]}}],"collection":[{"href":"https:\/\/www.evolvefitness.com.mx\/es\/wp-json\/wp\/v2\/pages"}],"about":[{"href":"https:\/\/www.evolvefitness.com.mx\/es\/wp-json\/wp\/v2\/types\/page"}],"author":[{"embeddable":true,"href":"https:\/\/www.evolvefitness.com.mx\/es\/wp-json\/wp\/v2\/users\/4"}],"replies":[{"embeddable":true,"href":"https:\/\/www.evolvefitness.com.mx\/es\/wp-json\/wp\/v2\/comments?post=818"}],"version-history":[{"count":5,"href":"https:\/\/www.evolvefitness.com.mx\/es\/wp-json\/wp\/v2\/pages\/818\/revisions"}],"predecessor-version":[{"id":2656,"href":"https:\/\/www.evolvefitness.com.mx\/es\/wp-json\/wp\/v2\/pages\/818\/revisions\/2656"}],"wp:attachment":[{"href":"https:\/\/www.evolvefitness.com.mx\/es\/wp-json\/wp\/v2\/media?parent=818"}],"curies":[{"name":"wp","href":"https:\/\/api.w.org\/{rel}","templated":true}]}}