{"id":803,"date":"2020-03-16T17:01:03","date_gmt":"2020-03-16T17:01:03","guid":{"rendered":"http:\/\/www.evolvefitness.com.mx\/?page_id=803"},"modified":"2021-01-12T20:08:12","modified_gmt":"2021-01-12T20:08:12","slug":"contacto","status":"publish","type":"page","link":"https:\/\/www.evolvefitness.com.mx\/es\/contacto\/","title":{"rendered":"Contacto"},"content":{"rendered":"<div id='av_section_1' class='avia-section main_color avia-section-default avia-no-border-styling avia-bg-style-scroll  avia-builder-el-0  avia-builder-el-no-sibling    container_wrap sidebar_right' style=' '  ><div class='container' ><main  role=\"main\" itemprop=\"mainContentOfPage\"  class='template-page content  av-content-small alpha units'><div class='post-entry post-entry-type-page post-entry-803'><div class='entry-content-wrapper clearfix'>\n<section class=\"av_textblock_section \"  itemscope=\"itemscope\" itemtype=\"https:\/\/schema.org\/CreativeWork\" ><div class='avia_textblock  '   itemprop=\"text\" ><h2>\u00a1BIENVENIDO A EVOLVE GYMS!<\/h2>\n<p>Hemos reabierto nuestros gimnasios de la Riviera Maya en Playa del Carmen, Canc\u00fan y Tulum con algunas pautas de seguridad Covid-19:<\/p>\n<p>&#8211; Ya no ofrecemos servicio de toallas en nuestra ubicaci\u00f3n de 5th Ave. por seguridad, pero tendremos un n\u00famero limitado de toallas disponibles para su compra.<\/p>\n<p>-Se requiere que tenga una toalla personal y debe usar una mascarilla para ingresar a todas nuestras ubicaciones. No es necesario que use la mascarilla durante sus entrenamientos, pero debe mantener un distanciamiento f\u00edsico seguro.<\/p>\n<p>-Tenemos horas un poco m\u00e1s cortas temporalmente en algunas de nuestras ubicaciones, as\u00ed que pregunte en recepci\u00f3n y confirme nuestro horario actual para planificar sus entrenamientos en consecuencia.<\/p>\n<p>-Nuestros horarios de ejercicios grupales en este sitio web est\u00e1n cambiando y el tama\u00f1o y los horarios de las clases est\u00e1n temporalmente limitados, as\u00ed que confirme los horarios y ubicaciones actuales de las clases en recepci\u00f3n antes de llegar.<\/p>\n<p>-Nuestros vestuarios est\u00e1n abiertos con casilleros limitados disponibles, pero las duchas no est\u00e1n disponibles en este momento por razones de seguridad. Pedimos disculpas por las molestias temporales.<\/p>\n<\/div><\/section>\n<div class=\"flex_column av_one_half  flex_column_div av-zero-column-padding first  avia-builder-el-2  el_after_av_textblock  el_before_av_one_half   column-top-margin\" style='border-radius:0px; '><form action=\"https:\/\/www.evolvefitness.com.mx\/es\/contacto\/\" method=\"post\"  class=\"avia_ajax_form av-form-labels-visible   avia-builder-el-3  avia-builder-el-no-sibling    \" data-avia-form-id=\"1\" data-avia-redirect=''><fieldset><h3>Tienes mas preguntas? Envia Un Correo<\/h3><p class=' first_form  form_element form_fullwidth' id='element_avia_1_1'><label for=\"avia_1_1\">Nombre <abbr class=\"required\" title=\"requerido\">*<\/abbr><\/label> <input name=\"avia_1_1\" class=\"text_input is_empty\" type=\"text\" id=\"avia_1_1\" value=\"\" \/><\/p><p class=' first_form  form_element form_fullwidth' id='element_avia_2_1'><label for=\"avia_2_1\">Correo Electronico <abbr class=\"required\" title=\"requerido\">*<\/abbr><\/label> <input name=\"avia_2_1\" class=\"text_input is_email\" type=\"text\" id=\"avia_2_1\" value=\"\" \/><\/p><p class=' first_form  form_element form_fullwidth av-last-visible-form-element' id='element_avia_3_1'>\t <label for=\"avia_3_1\" class=\"textare_label hidden textare_label_avia_3_1\">Mensaje <abbr class=\"required\" title=\"requerido\">*<\/abbr><\/label>\t <textarea  name=\"avia_3_1\" class=\"text_area is_empty\" cols=\"40\" rows=\"7\" id=\"avia_3_1\" ><\/textarea><\/p><p class=\"hidden\"><input type=\"text\" name=\"avia_4_1\" class=\"hidden \" id=\"avia_4_1\" value=\"\" \/><\/p><p class=\"form_element \"><input type=\"hidden\" value=\"1\" name=\"avia_generated_form1\" \/><input type=\"submit\" value=\"\u00a1Vamos!\" class=\"button\"  data-sending-label=\"Enviando\"\/><\/p><\/fieldset><\/form><div id=\"ajaxresponse_1\" class=\"ajaxresponse ajaxresponse_1 hidden\"><\/div><\/div><div class=\"flex_column av_one_half  flex_column_div av-zero-column-padding   avia-builder-el-4  el_after_av_one_half  avia-builder-el-last   column-top-margin\" style='border-radius:0px; '><section class=\"av_textblock_section \"  itemscope=\"itemscope\" itemtype=\"https:\/\/schema.org\/CreativeWork\" ><div class='avia_textblock  '   itemprop=\"text\" ><ul>\n<li><strong>1. Calle 24 entre 5a y 10 av.\u00a0<\/strong><\/li>\n<\/ul>\n<p><strong>Otras Sucursales\u00a0 de Evolve Gym :<\/strong><\/p>\n<p><strong>PLAYA DEL CARMEN<\/strong><\/p>\n<p>2. Carr Federal Esq Av. Juarez<\/p>\n<p>3. Av. Constituyentes Esq c. 95<\/p>\n<p><strong>TULUM<\/strong><\/p>\n<p>4. Av. Satelite mz 23 lt 4 entre Sagitario y 2 pte. 77760<\/p>\n<p><strong>CANCUN<\/strong><\/p>\n<p>5. Privada Porto Velani 23 Villamarino, 77535 Canc\u00fan, Mexico<\/p>\n<p>6. Nader Av. Canc\u00fan, Mexico<\/p>\n<p><iframe loading=\"lazy\" style=\"border: none; overflow: hidden;\" src=\"https:\/\/www.facebook.com\/plugins\/video.php?href=https%3A%2F%2Fwww.facebook.com%2FTulumFitness%2Fvideos%2F1213228162041851%2F&amp;show_text=0&amp;width=560\" width=\"400\" height=\"315\" frameborder=\"0\" scrolling=\"no\" allowfullscreen=\"allowfullscreen\" data-mce-fragment=\"1\"><\/iframe><\/p>\n<\/div><\/section><\/div><\/div><\/div><\/main><!-- close content main element --><\/div><\/div><div id='after_section_1' class='main_color av_default_container_wrap container_wrap sidebar_right' style=' '  ><div class='container' ><div class='template-page content  av-content-small alpha units'><div class='post-entry post-entry-type-page post-entry-803'><div class='entry-content-wrapper clearfix'>\n","protected":false},"excerpt":{"rendered":"","protected":false},"author":4,"featured_media":0,"parent":0,"menu_order":0,"comment_status":"closed","ping_status":"closed","template":"","meta":{"jetpack_post_was_ever_published":false,"footnotes":""},"class_list":["post-803","page","type-page","status-publish","hentry"],"yoast_head":"<!-- This site is optimized with the Yoast SEO plugin v27.4 - https:\/\/yoast.com\/product\/yoast-seo-wordpress\/ -->\n<title>Contacto - Evolve Fitness<\/title>\n<meta name=\"robots\" content=\"index, follow, max-snippet:-1, max-image-preview:large, max-video-preview:-1\" \/>\n<link rel=\"canonical\" href=\"https:\/\/www.evolvefitness.com.mx\/es\/contacto\/\" \/>\n<meta property=\"og:locale\" content=\"es_ES\" \/>\n<meta property=\"og:type\" content=\"article\" \/>\n<meta property=\"og:title\" content=\"Contacto - Evolve Fitness\" \/>\n<meta property=\"og:url\" content=\"https:\/\/www.evolvefitness.com.mx\/es\/contacto\/\" \/>\n<meta property=\"og:site_name\" content=\"Evolve Fitness\" \/>\n<meta property=\"article:modified_time\" content=\"2021-01-12T20:08:12+00:00\" \/>\n<meta name=\"twitter:card\" content=\"summary_large_image\" \/>\n<meta name=\"twitter:label1\" content=\"Tiempo de lectura\" \/>\n\t<meta name=\"twitter:data1\" content=\"4 minutos\" \/>\n<script type=\"application\/ld+json\" class=\"yoast-schema-graph\">{\"@context\":\"https:\\\/\\\/schema.org\",\"@graph\":[{\"@type\":\"WebPage\",\"@id\":\"https:\\\/\\\/www.evolvefitness.com.mx\\\/es\\\/contacto\\\/\",\"url\":\"https:\\\/\\\/www.evolvefitness.com.mx\\\/es\\\/contacto\\\/\",\"name\":\"Contacto - Evolve Fitness\",\"isPartOf\":{\"@id\":\"https:\\\/\\\/www.evolvefitness.com.mx\\\/es\\\/#website\"},\"datePublished\":\"2020-03-16T17:01:03+00:00\",\"dateModified\":\"2021-01-12T20:08:12+00:00\",\"breadcrumb\":{\"@id\":\"https:\\\/\\\/www.evolvefitness.com.mx\\\/es\\\/contacto\\\/#breadcrumb\"},\"inLanguage\":\"es\",\"potentialAction\":[{\"@type\":\"ReadAction\",\"target\":[\"https:\\\/\\\/www.evolvefitness.com.mx\\\/es\\\/contacto\\\/\"]}]},{\"@type\":\"BreadcrumbList\",\"@id\":\"https:\\\/\\\/www.evolvefitness.com.mx\\\/es\\\/contacto\\\/#breadcrumb\",\"itemListElement\":[{\"@type\":\"ListItem\",\"position\":1,\"name\":\"Home\",\"item\":\"https:\\\/\\\/www.evolvefitness.com.mx\\\/es\\\/evolve-fitness-mexico\\\/\"},{\"@type\":\"ListItem\",\"position\":2,\"name\":\"Contacto\"}]},{\"@type\":\"WebSite\",\"@id\":\"https:\\\/\\\/www.evolvefitness.com.mx\\\/es\\\/#website\",\"url\":\"https:\\\/\\\/www.evolvefitness.com.mx\\\/es\\\/\",\"name\":\"Evolve Fitness\",\"description\":\"The Gym For Playa Del Carmen and Tulum\",\"potentialAction\":[{\"@type\":\"SearchAction\",\"target\":{\"@type\":\"EntryPoint\",\"urlTemplate\":\"https:\\\/\\\/www.evolvefitness.com.mx\\\/es\\\/?s={search_term_string}\"},\"query-input\":{\"@type\":\"PropertyValueSpecification\",\"valueRequired\":true,\"valueName\":\"search_term_string\"}}],\"inLanguage\":\"es\"}]}<\/script>\n<!-- \/ Yoast SEO plugin. -->","yoast_head_json":{"title":"Contacto - Evolve Fitness","robots":{"index":"index","follow":"follow","max-snippet":"max-snippet:-1","max-image-preview":"max-image-preview:large","max-video-preview":"max-video-preview:-1"},"canonical":"https:\/\/www.evolvefitness.com.mx\/es\/contacto\/","og_locale":"es_ES","og_type":"article","og_title":"Contacto - Evolve Fitness","og_url":"https:\/\/www.evolvefitness.com.mx\/es\/contacto\/","og_site_name":"Evolve Fitness","article_modified_time":"2021-01-12T20:08:12+00:00","twitter_card":"summary_large_image","twitter_misc":{"Tiempo de lectura":"4 minutos"},"schema":{"@context":"https:\/\/schema.org","@graph":[{"@type":"WebPage","@id":"https:\/\/www.evolvefitness.com.mx\/es\/contacto\/","url":"https:\/\/www.evolvefitness.com.mx\/es\/contacto\/","name":"Contacto - Evolve Fitness","isPartOf":{"@id":"https:\/\/www.evolvefitness.com.mx\/es\/#website"},"datePublished":"2020-03-16T17:01:03+00:00","dateModified":"2021-01-12T20:08:12+00:00","breadcrumb":{"@id":"https:\/\/www.evolvefitness.com.mx\/es\/contacto\/#breadcrumb"},"inLanguage":"es","potentialAction":[{"@type":"ReadAction","target":["https:\/\/www.evolvefitness.com.mx\/es\/contacto\/"]}]},{"@type":"BreadcrumbList","@id":"https:\/\/www.evolvefitness.com.mx\/es\/contacto\/#breadcrumb","itemListElement":[{"@type":"ListItem","position":1,"name":"Home","item":"https:\/\/www.evolvefitness.com.mx\/es\/evolve-fitness-mexico\/"},{"@type":"ListItem","position":2,"name":"Contacto"}]},{"@type":"WebSite","@id":"https:\/\/www.evolvefitness.com.mx\/es\/#website","url":"https:\/\/www.evolvefitness.com.mx\/es\/","name":"Evolve Fitness","description":"The Gym For Playa Del Carmen and Tulum","potentialAction":[{"@type":"SearchAction","target":{"@type":"EntryPoint","urlTemplate":"https:\/\/www.evolvefitness.com.mx\/es\/?s={search_term_string}"},"query-input":{"@type":"PropertyValueSpecification","valueRequired":true,"valueName":"search_term_string"}}],"inLanguage":"es"}]}},"jetpack_sharing_enabled":true,"jetpack_shortlink":"https:\/\/wp.me\/P8BewO-cX","_links":{"self":[{"href":"https:\/\/www.evolvefitness.com.mx\/es\/wp-json\/wp\/v2\/pages\/803","targetHints":{"allow":["GET"]}}],"collection":[{"href":"https:\/\/www.evolvefitness.com.mx\/es\/wp-json\/wp\/v2\/pages"}],"about":[{"href":"https:\/\/www.evolvefitness.com.mx\/es\/wp-json\/wp\/v2\/types\/page"}],"author":[{"embeddable":true,"href":"https:\/\/www.evolvefitness.com.mx\/es\/wp-json\/wp\/v2\/users\/4"}],"replies":[{"embeddable":true,"href":"https:\/\/www.evolvefitness.com.mx\/es\/wp-json\/wp\/v2\/comments?post=803"}],"version-history":[{"count":12,"href":"https:\/\/www.evolvefitness.com.mx\/es\/wp-json\/wp\/v2\/pages\/803\/revisions"}],"predecessor-version":[{"id":1224,"href":"https:\/\/www.evolvefitness.com.mx\/es\/wp-json\/wp\/v2\/pages\/803\/revisions\/1224"}],"wp:attachment":[{"href":"https:\/\/www.evolvefitness.com.mx\/es\/wp-json\/wp\/v2\/media?parent=803"}],"curies":[{"name":"wp","href":"https:\/\/api.w.org\/{rel}","templated":true}]}}