{"id":782,"date":"2020-03-16T16:48:14","date_gmt":"2020-03-16T16:48:14","guid":{"rendered":"http:\/\/www.evolvefitness.com.mx\/?page_id=782"},"modified":"2020-03-21T16:54:48","modified_gmt":"2020-03-21T16:54:48","slug":"quienes-somos","status":"publish","type":"page","link":"https:\/\/www.evolvefitness.com.mx\/es\/quienes-somos\/","title":{"rendered":"Qui\u00e9nes Somos"},"content":{"rendered":"<div class=\"flex_column av_one_full  flex_column_div av-zero-column-padding first  avia-builder-el-0  el_before_av_one_half  avia-builder-el-first  \" style='border-radius:0px; '><div style='padding-bottom:10px; ' class='av-special-heading av-special-heading-h3    avia-builder-el-1  avia-builder-el-no-sibling   '><h3 class='av-special-heading-tag '  itemprop=\"headline\"  >Nos gusta entrenar tanto como a ti&#8230;<\/h3><div class='special-heading-border'><div class='special-heading-inner-border' ><\/div><\/div><\/div><\/div>\n<div class=\"flex_column av_one_half  flex_column_div av-zero-column-padding first  avia-builder-el-2  el_after_av_one_full  el_before_av_one_half  column-top-margin\" style='border-radius:0px; '><section class=\"av_textblock_section \"  itemscope=\"itemscope\" itemtype=\"https:\/\/schema.org\/CreativeWork\" ><div class='avia_textblock  '   itemprop=\"text\" ><p>Nuestros gimnasios en Playa del Carmen, Canc\u00fan y Tulum son espaciosos e incluyen todos los aparatos de alta calidad y pesas libres que esperas. Estamos seguros de que encontrar\u00e1 todo lo que est\u00e1 buscando y m\u00e1s. Estas son algunas de nuestras comodidades m\u00e1s notables incluidas con su membres\u00eda.<\/p>\n<p>P\u00f3ngase en contacto con nosotros hoy o visite nuestra p\u00e1gina de Facebook para obtener detalles actualizados sobre Evolve Gyms de Playa del Carmen, Canc\u00fan y Tulum.<\/p>\n<p><iframe loading=\"lazy\" style=\"border: none; overflow: hidden;\" src=\"https:\/\/www.facebook.com\/plugins\/post.php?href=https%3A%2F%2Fwww.facebook.com%2Fevolveplaya%2Fposts%2F3280757211938324&amp;width=500\" width=\"500\" height=\"746\" frameborder=\"0\" scrolling=\"no\"><\/iframe><\/p>\n<\/div><\/section><\/div><div class=\"flex_column av_one_half  flex_column_div av-zero-column-padding   avia-builder-el-4  el_after_av_one_half  avia-builder-el-last  column-top-margin\" style='border-radius:0px; '><section class=\"av_textblock_section \"  itemscope=\"itemscope\" itemtype=\"https:\/\/schema.org\/CreativeWork\" ><div class='avia_textblock  '   itemprop=\"text\" ><p><strong>Malteadas y Suplementos<\/strong><\/p>\n<p>Tenemos una completa y abastecida tienda de Suplementos y Cafe, en\u00a0nuestra sucursal localizada en la 5ta Avenida, para todas sus necesidades fitness. Malteadas, bocadillos, malteadas prote\u00ednicas,<\/p>\n<p><span class=\"s1\">We have a complete Supplement Store and Cafe at our 5th Ave. location for all your fitness needs. Smoothies, Snacks, Protein Shakes, Pre-entrenamientos y m\u00e1s &#8230;<\/span><\/p>\n<p><img loading=\"lazy\" decoding=\"async\" class=\"alignnone size-medium wp-image-74\" src=\"https:\/\/www.evolvefitness.com.mx\/wp-content\/uploads\/2016\/06\/IMG_7787-300x200-1-300x200.jpg\" alt=\"IMG_7787-300x200-1\" width=\"300\" height=\"200\" srcset=\"https:\/\/www.evolvefitness.com.mx\/wp-content\/uploads\/2016\/06\/IMG_7787-300x200-1.jpg 300w, https:\/\/www.evolvefitness.com.mx\/wp-content\/uploads\/2016\/06\/IMG_7787-300x200-1-250x167.jpg 250w\" sizes=\"auto, (max-width: 300px) 100vw, 300px\" \/><\/p>\n<p><strong>Sauna<\/strong><\/p>\n<p><img loading=\"lazy\" decoding=\"async\" class=\"alignnone size-full wp-image-85\" src=\"https:\/\/www.evolvefitness.com.mx\/wp-content\/uploads\/2016\/06\/12814781_1265281860152546_26897164168179945_n.jpg\" alt=\"sauna playa del carmen\" width=\"206\" height=\"206\" srcset=\"https:\/\/www.evolvefitness.com.mx\/wp-content\/uploads\/2016\/06\/12814781_1265281860152546_26897164168179945_n.jpg 206w, https:\/\/www.evolvefitness.com.mx\/wp-content\/uploads\/2016\/06\/12814781_1265281860152546_26897164168179945_n-150x150.jpg 150w, https:\/\/www.evolvefitness.com.mx\/wp-content\/uploads\/2016\/06\/12814781_1265281860152546_26897164168179945_n-48x48.jpg 48w\" sizes=\"auto, (max-width: 206px) 100vw, 206px\" \/><\/p>\n<p>Tenemos un Sauna Calido en nuestra sucursal de la 5ta Av.<\/p>\n<p><strong>Vestidores\u00a0 de calidad y servicio de toallas.<\/strong><\/p>\n<p><img loading=\"lazy\" decoding=\"async\" class=\"alignnone size-full wp-image-81\" src=\"https:\/\/www.evolvefitness.com.mx\/wp-content\/uploads\/2016\/06\/12310468_1270949206252478_4433966823180690165_n.jpg\" alt=\" best playa del carmen gym\" width=\"206\" height=\"206\" srcset=\"https:\/\/www.evolvefitness.com.mx\/wp-content\/uploads\/2016\/06\/12310468_1270949206252478_4433966823180690165_n.jpg 206w, https:\/\/www.evolvefitness.com.mx\/wp-content\/uploads\/2016\/06\/12310468_1270949206252478_4433966823180690165_n-150x150.jpg 150w, https:\/\/www.evolvefitness.com.mx\/wp-content\/uploads\/2016\/06\/12310468_1270949206252478_4433966823180690165_n-48x48.jpg 48w\" sizes=\"auto, (max-width: 206px) 100vw, 206px\" \/><\/p>\n<\/div><\/section><\/div><\/p>\n","protected":false},"excerpt":{"rendered":"","protected":false},"author":4,"featured_media":0,"parent":0,"menu_order":0,"comment_status":"closed","ping_status":"closed","template":"","meta":{"jetpack_post_was_ever_published":false,"footnotes":""},"class_list":["post-782","page","type-page","status-publish","hentry"],"yoast_head":"<!-- This site is optimized with the Yoast SEO plugin v27.4 - https:\/\/yoast.com\/product\/yoast-seo-wordpress\/ -->\n<title>Qui\u00e9nes Somos - Evolve Fitness<\/title>\n<meta name=\"robots\" content=\"index, follow, max-snippet:-1, max-image-preview:large, max-video-preview:-1\" \/>\n<link rel=\"canonical\" href=\"https:\/\/www.evolvefitness.com.mx\/es\/quienes-somos\/\" \/>\n<meta property=\"og:locale\" content=\"es_ES\" \/>\n<meta property=\"og:type\" content=\"article\" \/>\n<meta property=\"og:title\" content=\"Qui\u00e9nes Somos - Evolve Fitness\" \/>\n<meta property=\"og:url\" content=\"https:\/\/www.evolvefitness.com.mx\/es\/quienes-somos\/\" \/>\n<meta property=\"og:site_name\" content=\"Evolve Fitness\" \/>\n<meta property=\"article:modified_time\" content=\"2020-03-21T16:54:48+00:00\" \/>\n<meta property=\"og:image\" content=\"https:\/\/www.evolvefitness.com.mx\/wp-content\/uploads\/2016\/06\/IMG_7787-300x200-1-300x200.jpg\" \/>\n<meta name=\"twitter:card\" content=\"summary_large_image\" \/>\n<meta name=\"twitter:label1\" content=\"Tiempo de lectura\" \/>\n\t<meta name=\"twitter:data1\" content=\"3 minutos\" \/>\n<script type=\"application\/ld+json\" class=\"yoast-schema-graph\">{\"@context\":\"https:\\\/\\\/schema.org\",\"@graph\":[{\"@type\":\"WebPage\",\"@id\":\"https:\\\/\\\/www.evolvefitness.com.mx\\\/es\\\/quienes-somos\\\/\",\"url\":\"https:\\\/\\\/www.evolvefitness.com.mx\\\/es\\\/quienes-somos\\\/\",\"name\":\"Qui\u00e9nes Somos - Evolve Fitness\",\"isPartOf\":{\"@id\":\"https:\\\/\\\/www.evolvefitness.com.mx\\\/es\\\/#website\"},\"primaryImageOfPage\":{\"@id\":\"https:\\\/\\\/www.evolvefitness.com.mx\\\/es\\\/quienes-somos\\\/#primaryimage\"},\"image\":{\"@id\":\"https:\\\/\\\/www.evolvefitness.com.mx\\\/es\\\/quienes-somos\\\/#primaryimage\"},\"thumbnailUrl\":\"https:\\\/\\\/www.evolvefitness.com.mx\\\/wp-content\\\/uploads\\\/2016\\\/06\\\/IMG_7787-300x200-1-300x200.jpg\",\"datePublished\":\"2020-03-16T16:48:14+00:00\",\"dateModified\":\"2020-03-21T16:54:48+00:00\",\"breadcrumb\":{\"@id\":\"https:\\\/\\\/www.evolvefitness.com.mx\\\/es\\\/quienes-somos\\\/#breadcrumb\"},\"inLanguage\":\"es\",\"potentialAction\":[{\"@type\":\"ReadAction\",\"target\":[\"https:\\\/\\\/www.evolvefitness.com.mx\\\/es\\\/quienes-somos\\\/\"]}]},{\"@type\":\"ImageObject\",\"inLanguage\":\"es\",\"@id\":\"https:\\\/\\\/www.evolvefitness.com.mx\\\/es\\\/quienes-somos\\\/#primaryimage\",\"url\":\"https:\\\/\\\/www.evolvefitness.com.mx\\\/wp-content\\\/uploads\\\/2016\\\/06\\\/IMG_7787-300x200-1-300x200.jpg\",\"contentUrl\":\"https:\\\/\\\/www.evolvefitness.com.mx\\\/wp-content\\\/uploads\\\/2016\\\/06\\\/IMG_7787-300x200-1-300x200.jpg\"},{\"@type\":\"BreadcrumbList\",\"@id\":\"https:\\\/\\\/www.evolvefitness.com.mx\\\/es\\\/quienes-somos\\\/#breadcrumb\",\"itemListElement\":[{\"@type\":\"ListItem\",\"position\":1,\"name\":\"Home\",\"item\":\"https:\\\/\\\/www.evolvefitness.com.mx\\\/es\\\/evolve-fitness-mexico\\\/\"},{\"@type\":\"ListItem\",\"position\":2,\"name\":\"Qui\u00e9nes Somos\"}]},{\"@type\":\"WebSite\",\"@id\":\"https:\\\/\\\/www.evolvefitness.com.mx\\\/es\\\/#website\",\"url\":\"https:\\\/\\\/www.evolvefitness.com.mx\\\/es\\\/\",\"name\":\"Evolve Fitness\",\"description\":\"The Gym For Playa Del Carmen and Tulum\",\"potentialAction\":[{\"@type\":\"SearchAction\",\"target\":{\"@type\":\"EntryPoint\",\"urlTemplate\":\"https:\\\/\\\/www.evolvefitness.com.mx\\\/es\\\/?s={search_term_string}\"},\"query-input\":{\"@type\":\"PropertyValueSpecification\",\"valueRequired\":true,\"valueName\":\"search_term_string\"}}],\"inLanguage\":\"es\"}]}<\/script>\n<!-- \/ Yoast SEO plugin. -->","yoast_head_json":{"title":"Qui\u00e9nes Somos - Evolve Fitness","robots":{"index":"index","follow":"follow","max-snippet":"max-snippet:-1","max-image-preview":"max-image-preview:large","max-video-preview":"max-video-preview:-1"},"canonical":"https:\/\/www.evolvefitness.com.mx\/es\/quienes-somos\/","og_locale":"es_ES","og_type":"article","og_title":"Qui\u00e9nes Somos - Evolve Fitness","og_url":"https:\/\/www.evolvefitness.com.mx\/es\/quienes-somos\/","og_site_name":"Evolve Fitness","article_modified_time":"2020-03-21T16:54:48+00:00","og_image":[{"url":"https:\/\/www.evolvefitness.com.mx\/wp-content\/uploads\/2016\/06\/IMG_7787-300x200-1-300x200.jpg","type":"","width":"","height":""}],"twitter_card":"summary_large_image","twitter_misc":{"Tiempo de lectura":"3 minutos"},"schema":{"@context":"https:\/\/schema.org","@graph":[{"@type":"WebPage","@id":"https:\/\/www.evolvefitness.com.mx\/es\/quienes-somos\/","url":"https:\/\/www.evolvefitness.com.mx\/es\/quienes-somos\/","name":"Qui\u00e9nes Somos - Evolve Fitness","isPartOf":{"@id":"https:\/\/www.evolvefitness.com.mx\/es\/#website"},"primaryImageOfPage":{"@id":"https:\/\/www.evolvefitness.com.mx\/es\/quienes-somos\/#primaryimage"},"image":{"@id":"https:\/\/www.evolvefitness.com.mx\/es\/quienes-somos\/#primaryimage"},"thumbnailUrl":"https:\/\/www.evolvefitness.com.mx\/wp-content\/uploads\/2016\/06\/IMG_7787-300x200-1-300x200.jpg","datePublished":"2020-03-16T16:48:14+00:00","dateModified":"2020-03-21T16:54:48+00:00","breadcrumb":{"@id":"https:\/\/www.evolvefitness.com.mx\/es\/quienes-somos\/#breadcrumb"},"inLanguage":"es","potentialAction":[{"@type":"ReadAction","target":["https:\/\/www.evolvefitness.com.mx\/es\/quienes-somos\/"]}]},{"@type":"ImageObject","inLanguage":"es","@id":"https:\/\/www.evolvefitness.com.mx\/es\/quienes-somos\/#primaryimage","url":"https:\/\/www.evolvefitness.com.mx\/wp-content\/uploads\/2016\/06\/IMG_7787-300x200-1-300x200.jpg","contentUrl":"https:\/\/www.evolvefitness.com.mx\/wp-content\/uploads\/2016\/06\/IMG_7787-300x200-1-300x200.jpg"},{"@type":"BreadcrumbList","@id":"https:\/\/www.evolvefitness.com.mx\/es\/quienes-somos\/#breadcrumb","itemListElement":[{"@type":"ListItem","position":1,"name":"Home","item":"https:\/\/www.evolvefitness.com.mx\/es\/evolve-fitness-mexico\/"},{"@type":"ListItem","position":2,"name":"Qui\u00e9nes Somos"}]},{"@type":"WebSite","@id":"https:\/\/www.evolvefitness.com.mx\/es\/#website","url":"https:\/\/www.evolvefitness.com.mx\/es\/","name":"Evolve Fitness","description":"The Gym For Playa Del Carmen and Tulum","potentialAction":[{"@type":"SearchAction","target":{"@type":"EntryPoint","urlTemplate":"https:\/\/www.evolvefitness.com.mx\/es\/?s={search_term_string}"},"query-input":{"@type":"PropertyValueSpecification","valueRequired":true,"valueName":"search_term_string"}}],"inLanguage":"es"}]}},"jetpack_sharing_enabled":true,"jetpack_shortlink":"https:\/\/wp.me\/P8BewO-cC","_links":{"self":[{"href":"https:\/\/www.evolvefitness.com.mx\/es\/wp-json\/wp\/v2\/pages\/782","targetHints":{"allow":["GET"]}}],"collection":[{"href":"https:\/\/www.evolvefitness.com.mx\/es\/wp-json\/wp\/v2\/pages"}],"about":[{"href":"https:\/\/www.evolvefitness.com.mx\/es\/wp-json\/wp\/v2\/types\/page"}],"author":[{"embeddable":true,"href":"https:\/\/www.evolvefitness.com.mx\/es\/wp-json\/wp\/v2\/users\/4"}],"replies":[{"embeddable":true,"href":"https:\/\/www.evolvefitness.com.mx\/es\/wp-json\/wp\/v2\/comments?post=782"}],"version-history":[{"count":9,"href":"https:\/\/www.evolvefitness.com.mx\/es\/wp-json\/wp\/v2\/pages\/782\/revisions"}],"predecessor-version":[{"id":1029,"href":"https:\/\/www.evolvefitness.com.mx\/es\/wp-json\/wp\/v2\/pages\/782\/revisions\/1029"}],"wp:attachment":[{"href":"https:\/\/www.evolvefitness.com.mx\/es\/wp-json\/wp\/v2\/media?parent=782"}],"curies":[{"name":"wp","href":"https:\/\/api.w.org\/{rel}","templated":true}]}}