{"id":762,"date":"2020-03-16T16:05:56","date_gmt":"2020-03-16T16:05:56","guid":{"rendered":"http:\/\/www.evolvefitness.com.mx\/?page_id=762"},"modified":"2026-04-02T11:56:58","modified_gmt":"2026-04-02T11:56:58","slug":"evolve-fitness-mexico","status":"publish","type":"page","link":"https:\/\/www.evolvefitness.com.mx\/es\/","title":{"rendered":"Evolve Fitness Mexico"},"content":{"rendered":"<div id='av_section_1' class='avia-section main_color avia-section-default avia-no-border-styling avia-bg-style-scroll  avia-builder-el-0  el_before_av_one_full  avia-builder-el-first    av-minimum-height av-minimum-height-custom  av-section-with-video-bg container_wrap sidebar_right' style=' '   data-section-video-ratio='16:9'><div  data-size='featured'  data-lightbox_size='large'  data-animation='slide'  data-conditional_play=''  data-ids=''  data-video_counter='1'  data-autoplay='false'  data-bg_slider='false'  data-slide_height=''  data-handle=''  data-interval='5'  data-class=' av-section-video-bg'  data-css_id=''  data-scroll_down=''  data-control_layout=''  data-custom_markup=''  data-perma_caption=''  data-autoplay_stopper=''  data-image_attachment=''  data-min_height='0px'  data-default-height='28.666666666667'  class='avia-slideshow avia-slideshow-1  av-default-height-applied avia-slideshow-featured   av-section-video-bg avia-slide-slider '  itemprop=\"image\" itemscope=\"itemscope\" itemtype=\"https:\/\/schema.org\/ImageObject\" ><ul class='avia-slideshow-inner ' style='padding-bottom: 28.666666666667%;' ><li  data-controls='disabled' data-mute='1' data-loop='1' data-disable-autoplay=''  data-video-ratio='3.4883720930233' class=' av-video-slide  av-video-service-vimeo  av-hide-video-controls av-mute-video av-loop-video av-single-slide slide-1 ' ><div data-rel='slideshow-1' class='avia-slide-wrap '   ><div class='av-click-overlay'><\/div><div class='mejs-mediaelement'><div data-src='\/\/player.vimeo.com\/video\/205299057?portrait=0&#038;byline=0&#038;title=0&#038;badge=0&#038;loop=1&#038;autopause=0&#038;api=1&#038;rel=0&#038;player_id=player_762_437349348_1692463092&#038;color=e0b13a' data-original_url='https:\/\/vimeo.com\/205299057' height='1600' width='900' class='av_vimeo_frame' id='player_762_437349348_1692463092'><\/div><\/div><div class='av-click-to-play-overlay'><div class=\"avia_playpause_icon\"><\/div><\/div><\/div><\/li><\/ul><\/div><div class='container' style='height:500px'><main  role=\"main\" itemprop=\"mainContentOfPage\"  class='template-page content  av-content-small alpha units'><div class='post-entry post-entry-type-page post-entry-762'><div class='entry-content-wrapper clearfix'><\/div><\/div><\/main><!-- close content main element --><\/div><\/div><div id='after_section_1' class='main_color av_default_container_wrap container_wrap sidebar_right' style=' '  ><div class='container' ><div class='template-page content  av-content-small alpha units'><div class='post-entry post-entry-type-page post-entry-762'><div class='entry-content-wrapper clearfix'>\n<div class=\"flex_column av_one_full  flex_column_div av-zero-column-padding first  avia-builder-el-1  el_after_av_section  el_before_av_masonry_entries  avia-builder-el-no-sibling  \" style='border-radius:0px; '><p><div style='padding-bottom:10px; ' class='av-special-heading av-special-heading-h2    avia-builder-el-2  el_before_av_textblock  avia-builder-el-first   '><h2 class='av-special-heading-tag '  itemprop=\"headline\"  >Conoce Tu Mismo Evolve<\/h2><div class='special-heading-border'><div class='special-heading-inner-border' ><\/div><\/div><\/div><br \/>\n<section class=\"av_textblock_section \"  itemscope=\"itemscope\" itemtype=\"https:\/\/schema.org\/CreativeWork\" ><div class='avia_textblock  '   itemprop=\"text\" ><h3>De los Mejores Gyms en Cancun, Playa Del Carmen y Tulum.<\/h3>\n<h3><\/h3>\n<\/div><\/section><br \/>\n<section class=\"av_textblock_section \"  itemscope=\"itemscope\" itemtype=\"https:\/\/schema.org\/CreativeWork\" ><div class='avia_textblock  '   itemprop=\"text\" ><p>Evolve Gyms de Cancun, Playa del Carmen y Tulum son los principales destinos de fitness en la Riviera Maya para entrenamiento con pesas, spinning, pilates, calistenia, fitness grupal y mucho m\u00e1s. Descubra por qu\u00e9 todos los lugare\u00f1os prefieren Evolve para m\u00e1xima diversi\u00f3n, calidad y\u00a0 al mejor costo &#8230;<\/p>\n<\/div><\/section><\/p><\/div>\n<div id='av-masonry-1' class='av-masonry  noHover av-fixed-size av-large-gap av-hover-overlay-active av-masonry-animation-active av-masonry-col-3 av-caption-on-hover-hide av-caption-style-overlay  av-orientation-square  ' style='background-color:#ffffff; ' ><div class='av-masonry-container isotope av-js-disabled ' ><div class='av-masonry-entry isotope-item av-masonry-item-no-image '><\/div><a href=\"https:\/\/www.evolvefitness.com.mx\/es\/gym-locations\/cancun-master-plaza\/\" id='av-masonry-1-item-871' data-av-masonry-item='871' class='av-masonry-entry isotope-item post-871 portfolio type-portfolio status-publish has-post-thumbnail hentry portfolio_entries-ubicaciones  av-masonry-item-with-image' title=\"Master Plaza Portada.67f4a8a0cf03f9.99732476\"  itemscope=\"itemscope\" itemtype=\"https:\/\/schema.org\/CreativeWork\" ><div class='av-inner-masonry-sizer'><\/div><figure class='av-inner-masonry main_color'><div class=\"av-masonry-outerimage-container\"><div class=\"av-masonry-image-container\" style=\"background-image: url(https:\/\/www.evolvefitness.com.mx\/wp-content\/uploads\/2019\/08\/Master-Plaza-Portada.67f4a8a0cf03f9.99732476-705x382.png);\" title=\"Master Plaza Portada.67f4a8a0cf03f9.99732476\" ><\/div><\/div><figcaption class='av-inner-masonry-content site-background'><div class='av-inner-masonry-content-pos'><div class='av-inner-masonry-content-pos-content'><div class='avia-arrow'><\/div><h3 class='av-masonry-entry-title entry-title '  itemprop=\"headline\" >Cancun Master Plaza<\/h3><\/div><\/div><\/figcaption><\/figure><\/a><!--end av-masonry entry--><a href=\"https:\/\/www.evolvefitness.com.mx\/es\/gym-locations\/evolve-fitness-5th-ave\/\" id='av-masonry-1-item-856' data-av-masonry-item='856' class='av-masonry-entry isotope-item post-856 portfolio type-portfolio status-publish has-post-thumbnail hentry portfolio_entries-ubicaciones  av-masonry-item-with-image' title=\"evolve gyms\"  itemscope=\"itemscope\" itemtype=\"https:\/\/schema.org\/CreativeWork\" ><div class='av-inner-masonry-sizer'><\/div><figure class='av-inner-masonry main_color'><div class=\"av-masonry-outerimage-container\"><div class=\"av-masonry-image-container\" style=\"background-image: url(https:\/\/www.evolvefitness.com.mx\/wp-content\/uploads\/2021\/01\/WhatsApp-Image-2021-01-20-at-09.13.00-12-705x529.jpeg);\" title=\"evolve gyms\" ><\/div><\/div><figcaption class='av-inner-masonry-content site-background'><div class='av-inner-masonry-content-pos'><div class='av-inner-masonry-content-pos-content'><div class='avia-arrow'><\/div><h3 class='av-masonry-entry-title entry-title '  itemprop=\"headline\" >Evolve Fitness 5th Ave.<\/h3><\/div><\/div><\/figcaption><\/figure><\/a><!--end av-masonry entry--><a href=\"https:\/\/www.evolvefitness.com.mx\/es\/gym-locations\/evolve-fitness-club-juarez\/\" id='av-masonry-1-item-859' data-av-masonry-item='859' class='av-masonry-entry isotope-item post-859 portfolio type-portfolio status-publish has-post-thumbnail hentry portfolio_entries-ubicaciones  av-masonry-item-with-image' title=\"evolve gym playa\"  itemscope=\"itemscope\" itemtype=\"https:\/\/schema.org\/CreativeWork\" ><div class='av-inner-masonry-sizer'><\/div><figure class='av-inner-masonry main_color'><div class=\"av-masonry-outerimage-container\"><div class=\"av-masonry-image-container\" style=\"background-image: url(https:\/\/www.evolvefitness.com.mx\/wp-content\/uploads\/2021\/01\/WhatsApp-Image-2021-01-20-at-09.13.00-4-705x529.jpeg);\" title=\"evolve gym playa\" ><\/div><\/div><figcaption class='av-inner-masonry-content site-background'><div class='av-inner-masonry-content-pos'><div class='av-inner-masonry-content-pos-content'><div class='avia-arrow'><\/div><h3 class='av-masonry-entry-title entry-title '  itemprop=\"headline\" >Evolve Fitness Club Juarez<\/h3><\/div><\/div><\/figcaption><\/figure><\/a><!--end av-masonry entry--><a href=\"https:\/\/www.evolvefitness.com.mx\/es\/gym-locations\/evolve-fitness-club-tulum\/\" id='av-masonry-1-item-865' data-av-masonry-item='865' class='av-masonry-entry isotope-item post-865 portfolio type-portfolio status-publish has-post-thumbnail hentry portfolio_entries-ubicaciones  av-masonry-item-with-image' title=\"evolve gyms\"  itemscope=\"itemscope\" itemtype=\"https:\/\/schema.org\/CreativeWork\" ><div class='av-inner-masonry-sizer'><\/div><figure class='av-inner-masonry main_color'><div class=\"av-masonry-outerimage-container\"><div class=\"av-masonry-image-container\" style=\"background-image: url(https:\/\/www.evolvefitness.com.mx\/wp-content\/uploads\/2021\/01\/WhatsApp-Image-2021-01-20-at-09.13.00-3-705x705.jpeg);\" title=\"evolve gyms\" ><\/div><\/div><figcaption class='av-inner-masonry-content site-background'><div class='av-inner-masonry-content-pos'><div class='av-inner-masonry-content-pos-content'><div class='avia-arrow'><\/div><h3 class='av-masonry-entry-title entry-title '  itemprop=\"headline\" >Evolve Fitness Club Tulum<\/h3><\/div><\/div><\/figcaption><\/figure><\/a><!--end av-masonry entry--><a href=\"https:\/\/www.evolvefitness.com.mx\/es\/gym-locations\/evolve-fitness-gym-tuxtla-chiapas\/\" id='av-masonry-1-item-1951' data-av-masonry-item='1951' class='av-masonry-entry isotope-item post-1951 portfolio type-portfolio status-publish has-post-thumbnail hentry portfolio_entries-ubicaciones  av-masonry-item-with-image' title=\"tuxtla evolve\"  itemscope=\"itemscope\" itemtype=\"https:\/\/schema.org\/CreativeWork\" ><div class='av-inner-masonry-sizer'><\/div><figure class='av-inner-masonry main_color'><div class=\"av-masonry-outerimage-container\"><div class=\"av-masonry-image-container\" style=\"background-image: url(https:\/\/www.evolvefitness.com.mx\/wp-content\/uploads\/2024\/01\/tuxtla-evolve-705x329.jpeg);\" title=\"tuxtla evolve\" ><\/div><\/div><figcaption class='av-inner-masonry-content site-background'><div class='av-inner-masonry-content-pos'><div class='av-inner-masonry-content-pos-content'><div class='avia-arrow'><\/div><h3 class='av-masonry-entry-title entry-title '  itemprop=\"headline\" >Evolve Fitness Gym Tuxtla Chiapas<\/h3><\/div><\/div><\/figcaption><\/figure><\/a><!--end av-masonry entry--><a href=\"https:\/\/www.evolvefitness.com.mx\/es\/gym-locations\/evolve-gym-constituyentes\/\" id='av-masonry-1-item-862' data-av-masonry-item='862' class='av-masonry-entry isotope-item post-862 portfolio type-portfolio status-publish has-post-thumbnail hentry portfolio_entries-ubicaciones  av-masonry-item-with-image' title=\"evolve gym playa\"  itemscope=\"itemscope\" itemtype=\"https:\/\/schema.org\/CreativeWork\" ><div class='av-inner-masonry-sizer'><\/div><figure class='av-inner-masonry main_color'><div class=\"av-masonry-outerimage-container\"><div class=\"av-masonry-image-container\" style=\"background-image: url(https:\/\/www.evolvefitness.com.mx\/wp-content\/uploads\/2021\/01\/WhatsApp-Image-2021-01-20-at-09.13.00-4-705x529.jpeg);\" title=\"evolve gym playa\" ><\/div><\/div><figcaption class='av-inner-masonry-content site-background'><div class='av-inner-masonry-content-pos'><div class='av-inner-masonry-content-pos-content'><div class='avia-arrow'><\/div><h3 class='av-masonry-entry-title entry-title '  itemprop=\"headline\" >Evolve Gym Constituyentes<\/h3><\/div><\/div><\/figcaption><\/figure><\/a><!--end av-masonry entry--><a href=\"https:\/\/www.evolvefitness.com.mx\/es\/gym-locations\/evolve-gym-mazatlan\/\" id='av-masonry-1-item-2301' data-av-masonry-item='2301' class='av-masonry-entry isotope-item post-2301 portfolio type-portfolio status-publish has-post-thumbnail hentry portfolio_entries-ubicaciones  av-masonry-item-with-image' title=\"92dfb073-9b59-4032-8a5f-168522343cb7\"  itemscope=\"itemscope\" itemtype=\"https:\/\/schema.org\/CreativeWork\" ><div class='av-inner-masonry-sizer'><\/div><figure class='av-inner-masonry main_color'><div class=\"av-masonry-outerimage-container\"><div class=\"av-masonry-image-container\" style=\"background-image: url(https:\/\/www.evolvefitness.com.mx\/wp-content\/uploads\/2024\/12\/92dfb073-9b59-4032-8a5f-168522343cb7-1-705x529.jpg);\" title=\"92dfb073-9b59-4032-8a5f-168522343cb7\" ><\/div><\/div><figcaption class='av-inner-masonry-content site-background'><div class='av-inner-masonry-content-pos'><div class='av-inner-masonry-content-pos-content'><div class='avia-arrow'><\/div><h3 class='av-masonry-entry-title entry-title '  itemprop=\"headline\" >Evolve Gym Mazatlan<\/h3><\/div><\/div><\/figcaption><\/figure><\/a><!--end av-masonry entry--><a href=\"https:\/\/www.evolvefitness.com.mx\/es\/gym-locations\/evolve-gym-nader\/\" id='av-masonry-1-item-868' data-av-masonry-item='868' class='av-masonry-entry isotope-item post-868 portfolio type-portfolio status-publish has-post-thumbnail hentry portfolio_entries-ubicaciones  av-masonry-item-with-image' title=\"evolve gyms\"  itemscope=\"itemscope\" itemtype=\"https:\/\/schema.org\/CreativeWork\" ><div class='av-inner-masonry-sizer'><\/div><figure class='av-inner-masonry main_color'><div class=\"av-masonry-outerimage-container\"><div class=\"av-masonry-image-container\" style=\"background-image: url(https:\/\/www.evolvefitness.com.mx\/wp-content\/uploads\/2021\/01\/WhatsApp-Image-2021-01-20-at-09.13.00-1-705x470.jpeg);\" title=\"evolve gyms\" ><\/div><\/div><figcaption class='av-inner-masonry-content site-background'><div class='av-inner-masonry-content-pos'><div class='av-inner-masonry-content-pos-content'><div class='avia-arrow'><\/div><h3 class='av-masonry-entry-title entry-title '  itemprop=\"headline\" >Evolve Gym Nader<\/h3><\/div><\/div><\/figcaption><\/figure><\/a><!--end av-masonry entry--><a href=\"https:\/\/www.evolvefitness.com.mx\/es\/gym-locations\/evolve-gym-xaman-ha\/\" id='av-masonry-1-item-2028' data-av-masonry-item='2028' class='av-masonry-entry isotope-item post-2028 portfolio type-portfolio status-publish has-post-thumbnail hentry portfolio_entries-ubicaciones  av-masonry-item-with-image' title=\"Entrada Xaman-Ha.661ee8bae20d52.80727152\"  itemscope=\"itemscope\" itemtype=\"https:\/\/schema.org\/CreativeWork\" ><div class='av-inner-masonry-sizer'><\/div><figure class='av-inner-masonry main_color'><div class=\"av-masonry-outerimage-container\"><div class=\"av-masonry-image-container\" style=\"background-image: url(https:\/\/www.evolvefitness.com.mx\/wp-content\/uploads\/2024\/05\/Entrada-Xaman-Ha.661ee8bae20d52.80727152-705x326.png);\" title=\"Entrada Xaman-Ha.661ee8bae20d52.80727152\" ><\/div><\/div><figcaption class='av-inner-masonry-content site-background'><div class='av-inner-masonry-content-pos'><div class='av-inner-masonry-content-pos-content'><div class='avia-arrow'><\/div><h3 class='av-masonry-entry-title entry-title '  itemprop=\"headline\" >Evolve Gym Xaman Ha<\/h3><\/div><\/div><\/figcaption><\/figure><\/a><!--end av-masonry entry--><\/div><\/div>\n<section class=\"av_textblock_section \"  itemscope=\"itemscope\" itemtype=\"https:\/\/schema.org\/CreativeWork\" ><div class='avia_textblock  '   itemprop=\"text\" ><div id=\"73\" class=\"sc-jHwEXd iEeeVl appItem\" style=\"box-sizing: border-box; -webkit-font-smoothing: antialiased; outline: 0px; transition: box-shadow 0.15s; text-decoration: none; margin: 4px; font-family: 'Open Sans';\">\n<div class=\"itemContent\" data-testid=\"itemContent\">\n<div class=\"sc-ywFzA ivHGaW item-paragraph\" tabindex=\"0\" data-component=\"text\">\n<h3 style=\"text-align: center;\"><span style=\"font-size: 14pt;\">Todos nuestros gimnasios cuentan con:<\/span><\/h3>\n<p style=\"text-align: center;\"><span style=\"font-size: 14pt; color: #000000;\">*Aire Acondicionado en todas las \u00e1reas.<\/span><\/p>\n<p style=\"text-align: center;\"><span style=\"font-size: 14pt; color: #000000;\">*\u00c1rea\u00a0de pesas &#8211;\u00a0Peso libre y maquinas.<\/span><\/p>\n<p style=\"text-align: center;\"><span style=\"font-size: 14pt; color: #000000;\">*\u00c1rea de cardio\u00a0&#8211; Caminadoras y el\u00edpticas.<\/span><\/p>\n<p style=\"text-align: center;\"><span style=\"font-size: 14pt; color: #000000;\">*Ba\u00f1os con regaderas y agua caliente.<\/span><\/p>\n<p style=\"text-align: center;\"><span style=\"font-size: 14pt; color: #000000;\">*Lockers:\u00a0&#8211; Lo usas cuando llegas y lo desocupas cuando terminas de entrenar\u00a0(trae\u00a0tu propio candado o puedes comprar uno en recepci\u00f3n).<\/span><\/p>\n<p style=\"text-align: center;\"><span style=\"font-size: 14pt; color: #000000;\">*OBLIGATORIO el uso de TOALLA puedes traer la tuya o comprar una en la recepci\u00f3n.<\/span><\/p>\n<p style=\"text-align: center;\"><span style=\"font-size: 14pt; color: #000000;\">*Utilizar ropa deportiva para entrenar con zapatos cerrados.<\/span><\/p>\n<\/div>\n<\/div>\n<\/div>\n<\/div><\/section>\n<div class=\"flex_column av_one_full  flex_column_div av-zero-column-padding first  avia-builder-el-7  el_after_av_textblock  avia-builder-el-last  column-top-margin\" style='border-radius:0px; '><p><div class='avia-image-container  av-styling-    avia-builder-el-8  el_before_av_button  avia-builder-el-first   avia-align-center '  itemprop=\"image\" itemscope=\"itemscope\" itemtype=\"https:\/\/schema.org\/ImageObject\"  ><div class='avia-image-container-inner'><div class='avia-image-overlay-wrap'><a href='https:\/\/www.evolvefitness.com.mx\/es\/membresia\/' class='avia_image'  ><img class='avia_image ' src='https:\/\/www.evolvefitness.com.mx\/wp-content\/uploads\/2019\/07\/68296234_3280757198604992_5019344484299702272_n.png' alt='' title='Evolve Fitness Mexico'  itemprop=\"thumbnailUrl\"  \/><\/a><\/div><\/div><\/div><br \/>\n<div class='avia-button-wrap avia-button-center  avia-builder-el-9  el_after_av_image  avia-builder-el-last  '><a href='https:\/\/www.evolvefitness.com.mx\/es\/membresia\/'  class='avia-button   avia-icon_select-no avia-color-theme-color-highlight avia-size-x-large avia-position-center '   ><span class='avia_iconbox_title' >Inscr\u00edbete Ahora!<\/span><\/a><\/div><\/p><\/div>\n","protected":false},"excerpt":{"rendered":"","protected":false},"author":1,"featured_media":0,"parent":0,"menu_order":0,"comment_status":"closed","ping_status":"closed","template":"","meta":{"jetpack_post_was_ever_published":false,"footnotes":""},"class_list":["post-762","page","type-page","status-publish","hentry"],"yoast_head":"<!-- This site is optimized with the Yoast SEO plugin v27.4 - https:\/\/yoast.com\/product\/yoast-seo-wordpress\/ -->\n<title>Evolve Fitness Mexico - Evolve Fitness<\/title>\n<meta name=\"robots\" content=\"index, follow, max-snippet:-1, max-image-preview:large, max-video-preview:-1\" \/>\n<link rel=\"canonical\" href=\"https:\/\/www.evolvefitness.com.mx\/es\/\" \/>\n<meta property=\"og:locale\" content=\"es_ES\" \/>\n<meta property=\"og:type\" content=\"article\" \/>\n<meta property=\"og:title\" content=\"Evolve Fitness Mexico - Evolve Fitness\" \/>\n<meta property=\"og:url\" content=\"https:\/\/www.evolvefitness.com.mx\/es\/\" \/>\n<meta property=\"og:site_name\" content=\"Evolve Fitness\" \/>\n<meta property=\"article:modified_time\" content=\"2026-04-02T11:56:58+00:00\" \/>\n<meta name=\"twitter:card\" content=\"summary_large_image\" \/>\n<meta name=\"twitter:label1\" content=\"Tiempo de lectura\" \/>\n\t<meta name=\"twitter:data1\" content=\"2 minutos\" \/>\n<script type=\"application\/ld+json\" class=\"yoast-schema-graph\">{\"@context\":\"https:\\\/\\\/schema.org\",\"@graph\":[{\"@type\":\"WebPage\",\"@id\":\"https:\\\/\\\/www.evolvefitness.com.mx\\\/es\\\/\",\"url\":\"https:\\\/\\\/www.evolvefitness.com.mx\\\/es\\\/\",\"name\":\"Evolve Fitness Mexico - Evolve Fitness\",\"isPartOf\":{\"@id\":\"https:\\\/\\\/www.evolvefitness.com.mx\\\/es\\\/#website\"},\"datePublished\":\"2020-03-16T16:05:56+00:00\",\"dateModified\":\"2026-04-02T11:56:58+00:00\",\"breadcrumb\":{\"@id\":\"https:\\\/\\\/www.evolvefitness.com.mx\\\/es\\\/#breadcrumb\"},\"inLanguage\":\"es\",\"potentialAction\":[{\"@type\":\"ReadAction\",\"target\":[\"https:\\\/\\\/www.evolvefitness.com.mx\\\/es\\\/\"]}]},{\"@type\":\"BreadcrumbList\",\"@id\":\"https:\\\/\\\/www.evolvefitness.com.mx\\\/es\\\/#breadcrumb\",\"itemListElement\":[{\"@type\":\"ListItem\",\"position\":1,\"name\":\"Home\",\"item\":\"https:\\\/\\\/www.evolvefitness.com.mx\\\/es\\\/evolve-fitness-mexico\\\/\"},{\"@type\":\"ListItem\",\"position\":2,\"name\":\"Evolve Fitness Mexico\"}]},{\"@type\":\"WebSite\",\"@id\":\"https:\\\/\\\/www.evolvefitness.com.mx\\\/es\\\/#website\",\"url\":\"https:\\\/\\\/www.evolvefitness.com.mx\\\/es\\\/\",\"name\":\"Evolve Fitness\",\"description\":\"The Gym For Playa Del Carmen and Tulum\",\"potentialAction\":[{\"@type\":\"SearchAction\",\"target\":{\"@type\":\"EntryPoint\",\"urlTemplate\":\"https:\\\/\\\/www.evolvefitness.com.mx\\\/es\\\/?s={search_term_string}\"},\"query-input\":{\"@type\":\"PropertyValueSpecification\",\"valueRequired\":true,\"valueName\":\"search_term_string\"}}],\"inLanguage\":\"es\"}]}<\/script>\n<!-- \/ Yoast SEO plugin. -->","yoast_head_json":{"title":"Evolve Fitness Mexico - Evolve Fitness","robots":{"index":"index","follow":"follow","max-snippet":"max-snippet:-1","max-image-preview":"max-image-preview:large","max-video-preview":"max-video-preview:-1"},"canonical":"https:\/\/www.evolvefitness.com.mx\/es\/","og_locale":"es_ES","og_type":"article","og_title":"Evolve Fitness Mexico - Evolve Fitness","og_url":"https:\/\/www.evolvefitness.com.mx\/es\/","og_site_name":"Evolve Fitness","article_modified_time":"2026-04-02T11:56:58+00:00","twitter_card":"summary_large_image","twitter_misc":{"Tiempo de lectura":"2 minutos"},"schema":{"@context":"https:\/\/schema.org","@graph":[{"@type":"WebPage","@id":"https:\/\/www.evolvefitness.com.mx\/es\/","url":"https:\/\/www.evolvefitness.com.mx\/es\/","name":"Evolve Fitness Mexico - Evolve Fitness","isPartOf":{"@id":"https:\/\/www.evolvefitness.com.mx\/es\/#website"},"datePublished":"2020-03-16T16:05:56+00:00","dateModified":"2026-04-02T11:56:58+00:00","breadcrumb":{"@id":"https:\/\/www.evolvefitness.com.mx\/es\/#breadcrumb"},"inLanguage":"es","potentialAction":[{"@type":"ReadAction","target":["https:\/\/www.evolvefitness.com.mx\/es\/"]}]},{"@type":"BreadcrumbList","@id":"https:\/\/www.evolvefitness.com.mx\/es\/#breadcrumb","itemListElement":[{"@type":"ListItem","position":1,"name":"Home","item":"https:\/\/www.evolvefitness.com.mx\/es\/evolve-fitness-mexico\/"},{"@type":"ListItem","position":2,"name":"Evolve Fitness Mexico"}]},{"@type":"WebSite","@id":"https:\/\/www.evolvefitness.com.mx\/es\/#website","url":"https:\/\/www.evolvefitness.com.mx\/es\/","name":"Evolve Fitness","description":"The Gym For Playa Del Carmen and Tulum","potentialAction":[{"@type":"SearchAction","target":{"@type":"EntryPoint","urlTemplate":"https:\/\/www.evolvefitness.com.mx\/es\/?s={search_term_string}"},"query-input":{"@type":"PropertyValueSpecification","valueRequired":true,"valueName":"search_term_string"}}],"inLanguage":"es"}]}},"jetpack_sharing_enabled":true,"jetpack_shortlink":"https:\/\/wp.me\/P8BewO-ci","_links":{"self":[{"href":"https:\/\/www.evolvefitness.com.mx\/es\/wp-json\/wp\/v2\/pages\/762","targetHints":{"allow":["GET"]}}],"collection":[{"href":"https:\/\/www.evolvefitness.com.mx\/es\/wp-json\/wp\/v2\/pages"}],"about":[{"href":"https:\/\/www.evolvefitness.com.mx\/es\/wp-json\/wp\/v2\/types\/page"}],"author":[{"embeddable":true,"href":"https:\/\/www.evolvefitness.com.mx\/es\/wp-json\/wp\/v2\/users\/1"}],"replies":[{"embeddable":true,"href":"https:\/\/www.evolvefitness.com.mx\/es\/wp-json\/wp\/v2\/comments?post=762"}],"version-history":[{"count":5,"href":"https:\/\/www.evolvefitness.com.mx\/es\/wp-json\/wp\/v2\/pages\/762\/revisions"}],"predecessor-version":[{"id":2667,"href":"https:\/\/www.evolvefitness.com.mx\/es\/wp-json\/wp\/v2\/pages\/762\/revisions\/2667"}],"wp:attachment":[{"href":"https:\/\/www.evolvefitness.com.mx\/es\/wp-json\/wp\/v2\/media?parent=762"}],"curies":[{"name":"wp","href":"https:\/\/api.w.org\/{rel}","templated":true}]}}